{"id":765,"date":"2022-12-12T13:45:16","date_gmt":"2022-12-12T18:45:16","guid":{"rendered":"https:\/\/lesfringales.com\/contact\/"},"modified":"2023-01-07T13:04:05","modified_gmt":"2023-01-07T18:04:05","slug":"contact","status":"publish","type":"page","link":"https:\/\/lesfringales.com\/fr\/contact\/","title":{"rendered":"Contact"},"content":{"rendered":"<div class=\"row row-collapse row-full-width\"  id=\"row-571908101\">\n\n\t<div id=\"col-1618986492\" class=\"col small-12 large-12\"  >\n\t\t\t\t<div class=\"col-inner\"  >\n\t\t\t\n\t\t\t\n\t<section class=\"section\" id=\"section_502127388\">\n\t\t<div class=\"bg section-bg fill bg-fill  \" >\n\n\t\t\t\n\t\t\t<div class=\"section-bg-overlay absolute fill\"><\/div>\n\t\t\t\n\n\t\t<\/div>\n\n\t\t\n\n\t\t<div class=\"section-content relative\">\n\t\t\t\n<div class=\"row row-collapse align-center\" style=\"max-width:\" id=\"row-2043413135\">\n\n\t<div id=\"col-951727232\" class=\"col small-12 large-12\"  >\n\t\t\t\t<div class=\"col-inner text-center dark\"  >\n\t\t\t\n\t\t\t\n\t<div id=\"text-1449144716\" class=\"text\">\n\t\t\n<h1><span style=\"font-size: 250%;\">Contact<\/span><\/h1>\n<p class=\"lead\"><span style=\"font-size: 120%;\">Nous aimerions avoir de vos nouvelles.<\/span><\/p>\n\t\t\n<style>\n#text-1449144716 {\n  font-size: 0.75rem;\n  color: rgb(255,255,255);\n}\n#text-1449144716 > * {\n  color: rgb(255,255,255);\n}\n<\/style>\n\t<\/div>\n\t\n\t\t<\/div>\n\t\t\t\t\n<style>\n#col-951727232 > .col-inner {\n  padding: 100px 20px 200px 0px;\n}\n@media (min-width:550px) {\n  #col-951727232 > .col-inner {\n    padding: 100px 0px 200px 0px;\n  }\n}\n<\/style>\n\t<\/div>\n\n\t\n<\/div>\n\t\t<\/div>\n\n\t\t\n<style>\n#section_502127388 {\n  padding-top: 0px;\n  padding-bottom: 0px;\n  min-height: 0px;\n}\n#section_502127388 .section-bg-overlay {\n  background-color: rgba(0, 0, 0, 0.3);\n}\n#section_502127388 .section-bg.bg-loaded {\n  background-image: url(https:\/\/lesfringales.com\/wp-content\/uploads\/2022\/12\/contact.jpg);\n}\n#section_502127388 .section-bg {\n  background-position: 0% 100%;\n}\n@media (min-width:550px) {\n  #section_502127388 {\n    padding-top: 0px;\n    padding-bottom: 0px;\n  }\n}\n@media (min-width:850px) {\n  #section_502127388 {\n    padding-top: 100px;\n    padding-bottom: 100px;\n  }\n}\n<\/style>\n\t<\/section>\n\t\n\t\t<\/div>\n\t\t\t\t\t<\/div>\n\n\t\n<\/div>\n<div class=\"row row-large\" style=\"max-width:1400px\" id=\"row-192143346\">\n\n\t<div id=\"col-707407830\" class=\"col small-12 large-12\"  >\n\t\t\t\t<div class=\"col-inner\" style=\"background-color:rgb(255, 255, 255);\" >\n\t\t\t\n\t\t\t\n<div class=\"row row-collapse row-full-width\"  id=\"row-1654501709\">\n\n\t<div id=\"col-2059877478\" class=\"col medium-12 small-12 large-6\"  >\n\t\t\t\t<div class=\"col-inner\"  >\n\t\t\t\n\t\t\t\n<h2><span style=\"font-size: 120%;\">Pouvons-nous vous aider ?<\/span><\/h2>\n<p>Si vous avez des questions ou des pr\u00e9occupations, n&#8217;h\u00e9sitez pas \u00e0 remplir le formulaire ci-dessous et nous vous r\u00e9pondrons dans les plus brefs d\u00e9lais.<\/p>\n\t<div id=\"gap-1270963484\" class=\"gap-element clearfix\" style=\"display:block; height:auto;\">\n\t\t\n<style>\n#gap-1270963484 {\n  padding-top: 20px;\n}\n@media (min-width:550px) {\n  #gap-1270963484 {\n    padding-top: 20px;\n  }\n}\n@media (min-width:850px) {\n  #gap-1270963484 {\n    padding-top: 30px;\n  }\n}\n<\/style>\n\t<\/div>\n\t\n<div class=\"row\"  id=\"row-189234054\">\n\n\t<div id=\"col-328473041\" class=\"col medium-6 small-12 large-6\"  >\n\t\t\t\t<div class=\"col-inner\"  >\n\t\t\t\n\t\t\t\n\t<div class=\"img has-hover x md-x lg-x y md-y lg-y\" id=\"image_169788333\">\n\t\t\t\t\t\t\t\t<div class=\"img-inner dark\" >\n\t\t\t\t\t\t\t\t\t\n\t\t\t\t\t<\/div>\n\t\t\t\t\t\t\t\t\n<style>\n#image_169788333 {\n  width: 15%;\n}\n@media (min-width:550px) {\n  #image_169788333 {\n    width: 20%;\n  }\n}\n<\/style>\n\t<\/div>\n\t\n<h3 class=\"uppercase\">Adresse<\/h3>\n<p>1625-A Blvd. Daniel-Johnson<br \/>Laval (QC) Canada<br \/>H9P 2A6<br \/> [ <a href=\"https:\/\/goo.gl\/maps\/Z2bhDikV7CkTegeU9\" target=\"_blank\" rel=\"noopener\">Google Maps<\/a> ]\n\t\t<\/div>\n\t\t\t\t\t<\/div>\n\n\t\n\n\t<div id=\"col-1908579514\" class=\"col medium-5 small-12 large-6\"  >\n\t\t\t\t<div class=\"col-inner\"  >\n\t\t\t\n\t\t\t\n\t<div class=\"img has-hover x md-x lg-x y md-y lg-y\" id=\"image_1436170701\">\n\t\t\t\t\t\t\t\t<div class=\"img-inner dark\" >\n\t\t\t\t\t\t\t\t\t\n\t\t\t\t\t<\/div>\n\t\t\t\t\t\t\t\t\n<style>\n#image_1436170701 {\n  width: 15%;\n}\n@media (min-width:550px) {\n  #image_1436170701 {\n    width: 20%;\n  }\n}\n<\/style>\n\t<\/div>\n\t\n<h3 class=\"uppercase\">Heures d&#8217;ouverture<\/h3>\n<p>lun-ven: 7h &#8211; 14h<br \/>sam-dim: 7h &#8211; 15h<\/p>\n\t\t<\/div>\n\t\t\t\t\t<\/div>\n\n\t\n<\/div>\n<div class=\"row\"  id=\"row-16959606\">\n\n\t<div id=\"col-1608180436\" class=\"col medium-6 small-12 large-6\"  >\n\t\t\t\t<div class=\"col-inner\"  >\n\t\t\t\n\t\t\t\n\t<div class=\"img has-hover x md-x lg-x y md-y lg-y\" id=\"image_177625714\">\n\t\t\t\t\t\t\t\t<div class=\"img-inner dark\" >\n\t\t\t\t\t\t\t\t\t\n\t\t\t\t\t<\/div>\n\t\t\t\t\t\t\t\t\n<style>\n#image_177625714 {\n  width: 15%;\n}\n@media (min-width:550px) {\n  #image_177625714 {\n    width: 20%;\n  }\n}\n<\/style>\n\t<\/div>\n\t\n<h3 class=\"uppercase\">E-mail<\/h3>\n<p>info@lesfringales.com<\/p>\n\t\t<\/div>\n\t\t\t\t\t<\/div>\n\n\t\n\n\t<div id=\"col-1742495202\" class=\"col medium-6 small-12 large-6\"  >\n\t\t\t\t<div class=\"col-inner\"  >\n\t\t\t\n\t\t\t\n\t<div class=\"img has-hover x md-x lg-x y md-y lg-y\" id=\"image_840954189\">\n\t\t\t\t\t\t\t\t<div class=\"img-inner dark\" >\n\t\t\t\t\t\t\t\t\t\n\t\t\t\t\t<\/div>\n\t\t\t\t\t\t\t\t\n<style>\n#image_840954189 {\n  width: 15%;\n}\n@media (min-width:550px) {\n  #image_840954189 {\n    width: 20%;\n  }\n}\n<\/style>\n\t<\/div>\n\t\n<h3 class=\"uppercase\">T\u00e9l\u00e9phone<\/h3>\n<p>T\u00e9l\u00e9phone: <a href=\"tel:+450-973-9997\">+1 (450) 973-9997<\/a><\/p>\n\t\t<\/div>\n\t\t\t\t\t<\/div>\n\n\t\n<\/div>\n\t\t<\/div>\n\t\t\t\t\n<style>\n#col-2059877478 > .col-inner {\n  padding: 0px 0px 0px 20px;\n}\n<\/style>\n\t<\/div>\n\n\t\n\n\t<div id=\"col-2027005730\" class=\"col medium-12 small-12 large-6\"  >\n\t\t\t\t<div class=\"col-inner\"  >\n\t\t\t\n\t\t\t\n<h2><span style=\"font-size: 120%;\">Nous contacter<\/span><\/h2>\n\t<div id=\"gap-1539969393\" class=\"gap-element clearfix\" style=\"display:block; height:auto;\">\n\t\t\n<style>\n#gap-1539969393 {\n  padding-top: 20px;\n}\n@media (min-width:550px) {\n  #gap-1539969393 {\n    padding-top: 20px;\n  }\n}\n@media (min-width:850px) {\n  #gap-1539969393 {\n    padding-top: 30px;\n  }\n}\n<\/style>\n\t<\/div>\n\t\n\n<div class=\"wpcf7 no-js\" id=\"wpcf7-f926-o1\" lang=\"fr-FR\" dir=\"ltr\" data-wpcf7-id=\"926\">\n<div class=\"screen-reader-response\"><p role=\"status\" aria-live=\"polite\" aria-atomic=\"true\"><\/p> <ul><\/ul><\/div>\n<form action=\"\/fr\/wp-json\/wp\/v2\/pages\/765#wpcf7-f926-o1\" method=\"post\" class=\"wpcf7-form init\" aria-label=\"Formulaire de contact\" novalidate=\"novalidate\" data-status=\"init\">\n<fieldset class=\"hidden-fields-container\"><input type=\"hidden\" name=\"_wpcf7\" value=\"926\" \/><input type=\"hidden\" name=\"_wpcf7_version\" value=\"6.1.5\" \/><input type=\"hidden\" name=\"_wpcf7_locale\" value=\"fr_FR\" \/><input type=\"hidden\" name=\"_wpcf7_unit_tag\" value=\"wpcf7-f926-o1\" \/><input type=\"hidden\" name=\"_wpcf7_container_post\" value=\"0\" \/><input type=\"hidden\" name=\"_wpcf7_posted_data_hash\" value=\"\" \/><input type=\"hidden\" name=\"_wpcf7_recaptcha_response\" value=\"\" \/>\n<\/fieldset>\n<p><span class=\"wpcf7-form-control-wrap\" data-name=\"your-name\"><input size=\"40\" maxlength=\"400\" class=\"wpcf7-form-control wpcf7-text wpcf7-validates-as-required\" aria-required=\"true\" aria-invalid=\"false\" placeholder=\"Nom*\" value=\"\" type=\"text\" name=\"your-name\" \/><\/span>\n<\/p>\n<p><span class=\"wpcf7-form-control-wrap\" data-name=\"your-email\"><input size=\"40\" maxlength=\"400\" class=\"wpcf7-form-control wpcf7-email wpcf7-validates-as-required wpcf7-text wpcf7-validates-as-email\" aria-required=\"true\" aria-invalid=\"false\" placeholder=\"Email*\" value=\"\" type=\"email\" name=\"your-email\" \/><\/span>\n<\/p>\n<p><span class=\"wpcf7-form-control-wrap\" data-name=\"your-phone\"><input size=\"40\" maxlength=\"400\" class=\"wpcf7-form-control wpcf7-tel wpcf7-validates-as-required wpcf7-text wpcf7-validates-as-tel\" aria-required=\"true\" aria-invalid=\"false\" placeholder=\"T\u00e9l\u00e9phone*\" value=\"\" type=\"tel\" name=\"your-phone\" \/><\/span>\n<\/p>\n<p><span class=\"wpcf7-form-control-wrap\" data-name=\"your-subject\"><input size=\"40\" maxlength=\"400\" class=\"wpcf7-form-control wpcf7-text wpcf7-validates-as-required\" aria-required=\"true\" aria-invalid=\"false\" placeholder=\"Sujet*\" value=\"\" type=\"text\" name=\"your-subject\" \/><\/span>\n<\/p>\n<p><span class=\"wpcf7-form-control-wrap\" data-name=\"your-message\"><textarea cols=\"40\" rows=\"10\" maxlength=\"2000\" class=\"wpcf7-form-control wpcf7-textarea\" aria-invalid=\"false\" placeholder=\"Comment pouvons nous aider ?\" name=\"your-message\"><\/textarea><\/span>\n<\/p>\n<p><!-- Mailchimp for WordPress v4.12.2 - https:\/\/www.mc4wp.com\/ --><input type=\"hidden\" name=\"_mc4wp_subscribe_contact-form-7\" value=\"0\" \/><span class=\"mc4wp-checkbox mc4wp-checkbox-contact-form-7 \"><label><input type=\"checkbox\" name=\"_mc4wp_subscribe_contact-form-7\" value=\"1\" ><span>Je veux m'inscrire \u00e0 l'infolettre !<\/span><\/label><\/span><!-- \/ Mailchimp for WordPress -->\n<\/p>\n<p><input class=\"wpcf7-form-control wpcf7-submit has-spinner button\" type=\"submit\" value=\"Soumettre\" \/>\n<\/p><div class=\"wpcf7-response-output\" aria-hidden=\"true\"><\/div>\n<\/form>\n<\/div>\n\n\t\t<\/div>\n\t\t\t\t\t<\/div>\n\n\t\n\n<style>\n#row-1654501709 > .col > .col-inner {\n  padding: 0px 15px 0px 15px;\n}\n<\/style>\n<\/div>\n\t\t<\/div>\n\t\t\t\t\n<style>\n#col-707407830 > .col-inner {\n  padding: 50px 20px 0px 20px;\n  margin: -0 0px 0px 0px;\n}\n@media (min-width:550px) {\n  #col-707407830 > .col-inner {\n    padding: 50px 20px 30px 20px;\n    margin: 0 0px 0px 0px;\n  }\n}\n@media (min-width:850px) {\n  #col-707407830 > .col-inner {\n    padding: 66px 5% 16px 5%;\n    margin: -135px 0px 0px 0px;\n  }\n}\n<\/style>\n\t<\/div>\n\n\t\n<\/div>\n<div class=\"row row-collapse row-full-width\"  id=\"row-341949083\">\n\n\t<div id=\"col-2020858063\" class=\"col small-12 large-12\"  >\n\t\t\t\t<div class=\"col-inner\"  >\n\t\t\t\n\t\t\t\n\n\t<script type=\"text\/javascript\">\n  jQuery( document ).ready(function() {\n    function initialize() {\n        var styles = {\n            'flatsome':  [{\n            \"featureType\": \"administrative\",\n            \"stylers\": [\n              { \"visibility\": \"on\" }\n            ]\n          },\n          {\n            \"featureType\": \"road\",\n            \"stylers\": [\n              { \"visibility\": \"on\" },\n              { \"hue\": \"\" }\n            ]\n          },\n          {\n            \"stylers\": [\n\t\t\t  { \"visibility\": \"on\" },\n\t\t\t  { \"hue\": \"\" },\n\t\t\t  { \"saturation\": -98 }\n            ]\n          }\n        ]};\n\n        var myLatlng = new google.maps.LatLng(45.558672393094, -73.743374584659);\n        var myOptions = {\n            zoom: 17,\n            center: myLatlng,\n            mapTypeId: google.maps.MapTypeId.ROADMAP,\n            disableDefaultUI: true,\n            mapTypeId: 'flatsome',\n            draggable: true,\n            zoomControl: true,\n            zoomControlOptions: {\n              position: google.maps.ControlPosition.TOP_LEFT\n            },\n      \t\t\t\/\/ panControl: true,\n            \/\/ panControlOptions: {\n            \/\/   position: google.maps.ControlPosition.TOP_LEFT\n            \/\/ },\n      \t\t\tmapTypeControl: false,\n            mapTypeControlOptions: {\n              position: google.maps.ControlPosition.TOP_LEFT\n            },\n      \t\t\t\/\/ scaleControl: true,\n            \/\/ scaleControlOptions: {\n            \/\/   position: google.maps.ControlPosition.TOP_LEFT\n            \/\/ },\n      \t\t\tstreetViewControl: true,\n            streetViewControlOptions: {\n              position: google.maps.ControlPosition.TOP_LEFT\n            },\n      \t\t\t\/\/ overviewMapControl: true,\n            \/\/ overviewMapControlOptions: {\n            \/\/   position: google.maps.ControlPosition.TOP_LEFT\n            \/\/ },\n            scrollwheel: false,\n            disableDoubleClickZoom: true\n        }\n        var map = new google.maps.Map(document.getElementById(\"map-3709535863-inner\"), myOptions);\n        var styledMapType = new google.maps.StyledMapType(styles['flatsome'], {name: 'flatsome'});\n        map.mapTypes.set('flatsome', styledMapType);\n\n        var marker = new google.maps.Marker({\n            position: myLatlng,\n            map: map,\n            title:\"\"\n        });\n    }\n\n    \/\/ Required to proceed\n    if (!(typeof google === 'object' && typeof google.maps === 'object')) {\n      return\n    }\n\n    initialize()\n    google.maps.event.addDomListener(window, 'resize', initialize);\n    });\n    <\/script>\n\n    <div class=\"google-map relative mb\" id=\"map-3709535863\">\n        <div class=\"map-height\" id=\"map-3709535863-inner\"><\/div>\n        <div id=\"map_overlay_top\"><\/div>\n        <div id=\"map_overlay_bottom\"><\/div>\n         \n       \n<style>\n#map-3709535863 .map-inner {\n  background-color: rgb(255, 255, 255);\n  max-width: 100%;\n}\n#map-3709535863 .map-height {\n  height: 300px;\n}\n@media (min-width:550px) {\n  #map-3709535863 .map-inner {\n    max-width: 40%;\n  }\n  #map-3709535863 .map-height {\n    height: 600px;\n  }\n}\n@media (min-width:850px) {\n  #map-3709535863 .map-inner {\n    max-width: 0%;\n  }\n}\n<\/style>\n    <\/div>\n\n\t\n\t\t<\/div>\n\t\t\t\t\t<\/div>\n\n\t\n<\/div>\n","protected":false},"excerpt":{"rendered":"","protected":false},"author":2,"featured_media":0,"parent":0,"menu_order":0,"comment_status":"closed","ping_status":"closed","template":"page-blank.php","meta":{"nf_dc_page":"","footnotes":""},"class_list":["post-765","page","type-page","status-publish","hentry"],"yoast_head":"<!-- This site is optimized with the Yoast SEO plugin v27.4 - https:\/\/yoast.com\/product\/yoast-seo-wordpress\/ -->\n<title>Contact | Les Fringales - D\u00e9jeuner.D\u00eener<\/title>\n<meta name=\"description\" content=\"Offrir des choix de petit-d\u00e9jeuner d\u00e9licieux et sains pour vous. Des versions modernes de plats classiques pr\u00e9par\u00e9s uniquement avec les ingr\u00e9dients les plus frais.\" \/>\n<meta name=\"robots\" content=\"index, follow, max-snippet:-1, max-image-preview:large, max-video-preview:-1\" \/>\n<link rel=\"canonical\" href=\"https:\/\/lesfringales.com\/fr\/contact\/\" \/>\n<meta property=\"og:locale\" content=\"fr_FR\" \/>\n<meta property=\"og:type\" content=\"article\" \/>\n<meta property=\"og:title\" content=\"Contact | Les Fringales - D\u00e9jeuner.D\u00eener\" \/>\n<meta property=\"og:description\" content=\"Offrir des choix de petit-d\u00e9jeuner d\u00e9licieux et sains pour vous. Des versions modernes de plats classiques pr\u00e9par\u00e9s uniquement avec les ingr\u00e9dients les plus frais.\" \/>\n<meta property=\"og:url\" content=\"https:\/\/lesfringales.com\/fr\/contact\/\" \/>\n<meta property=\"og:site_name\" content=\"Les Fringales - D\u00e9jeuner.D\u00eener\" \/>\n<meta property=\"article:publisher\" content=\"https:\/\/www.facebook.com\/restolesfringales\" \/>\n<meta property=\"article:modified_time\" content=\"2023-01-07T18:04:05+00:00\" \/>\n<meta property=\"og:image\" content=\"https:\/\/lesfringales.com\/wp-content\/uploads\/2022\/12\/logo.png\" \/>\n\t<meta property=\"og:image:width\" content=\"316\" \/>\n\t<meta property=\"og:image:height\" content=\"152\" \/>\n\t<meta property=\"og:image:type\" content=\"image\/png\" \/>\n<meta name=\"twitter:label1\" content=\"Dur\u00e9e de lecture estim\u00e9e\" \/>\n\t<meta name=\"twitter:data1\" content=\"2 minutes\" \/>\n<script type=\"application\/ld+json\" class=\"yoast-schema-graph\">{\"@context\":\"https:\\\/\\\/schema.org\",\"@graph\":[{\"@type\":\"WebPage\",\"@id\":\"https:\\\/\\\/lesfringales.com\\\/fr\\\/contact\\\/\",\"url\":\"https:\\\/\\\/lesfringales.com\\\/fr\\\/contact\\\/\",\"name\":\"Contact | Les Fringales - D\u00e9jeuner.D\u00eener\",\"isPartOf\":{\"@id\":\"https:\\\/\\\/lesfringales.com\\\/fr\\\/#website\"},\"datePublished\":\"2022-12-12T18:45:16+00:00\",\"dateModified\":\"2023-01-07T18:04:05+00:00\",\"description\":\"Offrir des choix de petit-d\u00e9jeuner d\u00e9licieux et sains pour vous. Des versions modernes de plats classiques pr\u00e9par\u00e9s uniquement avec les ingr\u00e9dients les plus frais.\",\"breadcrumb\":{\"@id\":\"https:\\\/\\\/lesfringales.com\\\/fr\\\/contact\\\/#breadcrumb\"},\"inLanguage\":\"fr-FR\",\"potentialAction\":[{\"@type\":\"ReadAction\",\"target\":[\"https:\\\/\\\/lesfringales.com\\\/fr\\\/contact\\\/\"]}]},{\"@type\":\"BreadcrumbList\",\"@id\":\"https:\\\/\\\/lesfringales.com\\\/fr\\\/contact\\\/#breadcrumb\",\"itemListElement\":[{\"@type\":\"ListItem\",\"position\":1,\"name\":\"Home\",\"item\":\"https:\\\/\\\/lesfringales.com\\\/fr\\\/\"},{\"@type\":\"ListItem\",\"position\":2,\"name\":\"Contact\"}]},{\"@type\":\"WebSite\",\"@id\":\"https:\\\/\\\/lesfringales.com\\\/fr\\\/#website\",\"url\":\"https:\\\/\\\/lesfringales.com\\\/fr\\\/\",\"name\":\"Les Fringales - D\u00e9jeuner.D\u00eener\",\"description\":\"I\u2019ll Take A Coffee With My Sunshine....\",\"publisher\":{\"@id\":\"https:\\\/\\\/lesfringales.com\\\/fr\\\/#organization\"},\"alternateName\":\"Les Fringals\",\"potentialAction\":[{\"@type\":\"SearchAction\",\"target\":{\"@type\":\"EntryPoint\",\"urlTemplate\":\"https:\\\/\\\/lesfringales.com\\\/fr\\\/?s={search_term_string}\"},\"query-input\":{\"@type\":\"PropertyValueSpecification\",\"valueRequired\":true,\"valueName\":\"search_term_string\"}}],\"inLanguage\":\"fr-FR\"},{\"@type\":\"Organization\",\"@id\":\"https:\\\/\\\/lesfringales.com\\\/fr\\\/#organization\",\"name\":\"Les Fringales - D\u00e9jeuner.D\u00eener\",\"alternateName\":\"Les Fringals\",\"url\":\"https:\\\/\\\/lesfringales.com\\\/fr\\\/\",\"logo\":{\"@type\":\"ImageObject\",\"inLanguage\":\"fr-FR\",\"@id\":\"https:\\\/\\\/lesfringales.com\\\/fr\\\/#\\\/schema\\\/logo\\\/image\\\/\",\"url\":\"https:\\\/\\\/lesfringales.com\\\/wp-content\\\/uploads\\\/2022\\\/12\\\/logo.png\",\"contentUrl\":\"https:\\\/\\\/lesfringales.com\\\/wp-content\\\/uploads\\\/2022\\\/12\\\/logo.png\",\"width\":316,\"height\":152,\"caption\":\"Les Fringales - D\u00e9jeuner.D\u00eener\"},\"image\":{\"@id\":\"https:\\\/\\\/lesfringales.com\\\/fr\\\/#\\\/schema\\\/logo\\\/image\\\/\"},\"sameAs\":[\"https:\\\/\\\/www.facebook.com\\\/restolesfringales\",\"https:\\\/\\\/www.instagram.com\\\/lesfringales_dejeuner.diner\\\/\",\"https:\\\/\\\/www.google.com\\\/search?q=lesfringaleslaval&amp;amp;client=firefox-b-d&amp;amp;ei=mVDMY7mgA7quptQPh9eVuA0&amp;amp;oq=les fringales&amp;amp;gs_lcp=Cgxnd3Mtd2l6LXNlcnAQARgAMgUIABCABDIGCAAQFhAeMgYIABAWEB4yBggAEBYQHjIGCAAQFhAeMgYIABAWEB4yCAgAEBYQHhAPMggIABAWEB4QDzIGCAAQFhAeMgYIABAWEB46CggAEEcQ1gQQsANKBAhBGABKBAhGGABQhQFYhQFg4gpoAXABeACAAU-IAU-SAQExmAEAoAEByAEIwAEB&amp;amp;sclient=gws-wiz-serp&amp;amp;tbs=lf:1,lf_ui:9&amp;amp;tbm=lcl&amp;amp;rflfq=1&amp;amp;num=10&amp;amp;rldimm=4391824261453218602&amp;amp;lqi=ChNsZXMgZnJpbmdhbGVzIGxhdmFsSPL_oc6yuICACFojEAAQARgAGAEYAiITbGVzIGZyaW5nYWxlcyBsYXZhbDICZnKSARRicmVha2Zhc3RfcmVzdGF1cmFudKoBNRABGh4QASIasU6ni1Oc0k-e-ecmICVLJ4TRK76HszS1FrgqESINbGVzIGZyaW5nYWxlcygE&amp;amp;phdesc=T7NFWvuH8XI&amp;amp;ved=2ahUKEwj1jYTYxdn8AhX2jYkEHXAoD9IQvS56BAgNEAE&amp;amp;sa=X&amp;amp;rlst=f#rlfi=hd:;si:4391824261453218602,l,ChNsZXMgZnJpbmdhbGVzIGxhdmFsSPL_oc6yuICACFojEAAQARgAGAEYAiITbGVzIGZyaW5nYWxlcyBsYXZhbDICZnKSARRicmVha2Zhc3RfcmVzdGF1cmFudKoBNRABGh4QASIasU6ni1Oc0k-e-ecmICVLJ4TRK76HszS1FrgqESINbGVzIGZyaW5nYWxlcygE,y,T7NFWvuH8XI;mv:[[45.620182199999995,-73.65968649999999],[45.530364299999995,-73.8163678]];tbs:lrf:!1m4!1u3!2m2!3m1!1e1!1m4!1u2!2m2!2m1!1e1!1m4!1u1!2m2!1m1!1e1!1m4!1u1!2m2!1m1!1e2!2m1!1e2!2m1!1e1!2m1!1e3!3sIAE,lf:1,lf_ui:9\"]}]}<\/script>\n<!-- \/ Yoast SEO plugin. -->","yoast_head_json":{"title":"Contact | Les Fringales - D\u00e9jeuner.D\u00eener","description":"Offrir des choix de petit-d\u00e9jeuner d\u00e9licieux et sains pour vous. Des versions modernes de plats classiques pr\u00e9par\u00e9s uniquement avec les ingr\u00e9dients les plus frais.","robots":{"index":"index","follow":"follow","max-snippet":"max-snippet:-1","max-image-preview":"max-image-preview:large","max-video-preview":"max-video-preview:-1"},"canonical":"https:\/\/lesfringales.com\/fr\/contact\/","og_locale":"fr_FR","og_type":"article","og_title":"Contact | Les Fringales - D\u00e9jeuner.D\u00eener","og_description":"Offrir des choix de petit-d\u00e9jeuner d\u00e9licieux et sains pour vous. Des versions modernes de plats classiques pr\u00e9par\u00e9s uniquement avec les ingr\u00e9dients les plus frais.","og_url":"https:\/\/lesfringales.com\/fr\/contact\/","og_site_name":"Les Fringales - D\u00e9jeuner.D\u00eener","article_publisher":"https:\/\/www.facebook.com\/restolesfringales","article_modified_time":"2023-01-07T18:04:05+00:00","og_image":[{"width":316,"height":152,"url":"https:\/\/lesfringales.com\/wp-content\/uploads\/2022\/12\/logo.png","type":"image\/png"}],"twitter_misc":{"Dur\u00e9e de lecture estim\u00e9e":"2 minutes"},"schema":{"@context":"https:\/\/schema.org","@graph":[{"@type":"WebPage","@id":"https:\/\/lesfringales.com\/fr\/contact\/","url":"https:\/\/lesfringales.com\/fr\/contact\/","name":"Contact | Les Fringales - D\u00e9jeuner.D\u00eener","isPartOf":{"@id":"https:\/\/lesfringales.com\/fr\/#website"},"datePublished":"2022-12-12T18:45:16+00:00","dateModified":"2023-01-07T18:04:05+00:00","description":"Offrir des choix de petit-d\u00e9jeuner d\u00e9licieux et sains pour vous. Des versions modernes de plats classiques pr\u00e9par\u00e9s uniquement avec les ingr\u00e9dients les plus frais.","breadcrumb":{"@id":"https:\/\/lesfringales.com\/fr\/contact\/#breadcrumb"},"inLanguage":"fr-FR","potentialAction":[{"@type":"ReadAction","target":["https:\/\/lesfringales.com\/fr\/contact\/"]}]},{"@type":"BreadcrumbList","@id":"https:\/\/lesfringales.com\/fr\/contact\/#breadcrumb","itemListElement":[{"@type":"ListItem","position":1,"name":"Home","item":"https:\/\/lesfringales.com\/fr\/"},{"@type":"ListItem","position":2,"name":"Contact"}]},{"@type":"WebSite","@id":"https:\/\/lesfringales.com\/fr\/#website","url":"https:\/\/lesfringales.com\/fr\/","name":"Les Fringales - D\u00e9jeuner.D\u00eener","description":"I\u2019ll Take A Coffee With My Sunshine....","publisher":{"@id":"https:\/\/lesfringales.com\/fr\/#organization"},"alternateName":"Les Fringals","potentialAction":[{"@type":"SearchAction","target":{"@type":"EntryPoint","urlTemplate":"https:\/\/lesfringales.com\/fr\/?s={search_term_string}"},"query-input":{"@type":"PropertyValueSpecification","valueRequired":true,"valueName":"search_term_string"}}],"inLanguage":"fr-FR"},{"@type":"Organization","@id":"https:\/\/lesfringales.com\/fr\/#organization","name":"Les Fringales - D\u00e9jeuner.D\u00eener","alternateName":"Les Fringals","url":"https:\/\/lesfringales.com\/fr\/","logo":{"@type":"ImageObject","inLanguage":"fr-FR","@id":"https:\/\/lesfringales.com\/fr\/#\/schema\/logo\/image\/","url":"https:\/\/lesfringales.com\/wp-content\/uploads\/2022\/12\/logo.png","contentUrl":"https:\/\/lesfringales.com\/wp-content\/uploads\/2022\/12\/logo.png","width":316,"height":152,"caption":"Les Fringales - D\u00e9jeuner.D\u00eener"},"image":{"@id":"https:\/\/lesfringales.com\/fr\/#\/schema\/logo\/image\/"},"sameAs":["https:\/\/www.facebook.com\/restolesfringales","https:\/\/www.instagram.com\/lesfringales_dejeuner.diner\/","https:\/\/www.google.com\/search?q=lesfringaleslaval&amp;amp;client=firefox-b-d&amp;amp;ei=mVDMY7mgA7quptQPh9eVuA0&amp;amp;oq=les fringales&amp;amp;gs_lcp=Cgxnd3Mtd2l6LXNlcnAQARgAMgUIABCABDIGCAAQFhAeMgYIABAWEB4yBggAEBYQHjIGCAAQFhAeMgYIABAWEB4yCAgAEBYQHhAPMggIABAWEB4QDzIGCAAQFhAeMgYIABAWEB46CggAEEcQ1gQQsANKBAhBGABKBAhGGABQhQFYhQFg4gpoAXABeACAAU-IAU-SAQExmAEAoAEByAEIwAEB&amp;amp;sclient=gws-wiz-serp&amp;amp;tbs=lf:1,lf_ui:9&amp;amp;tbm=lcl&amp;amp;rflfq=1&amp;amp;num=10&amp;amp;rldimm=4391824261453218602&amp;amp;lqi=ChNsZXMgZnJpbmdhbGVzIGxhdmFsSPL_oc6yuICACFojEAAQARgAGAEYAiITbGVzIGZyaW5nYWxlcyBsYXZhbDICZnKSARRicmVha2Zhc3RfcmVzdGF1cmFudKoBNRABGh4QASIasU6ni1Oc0k-e-ecmICVLJ4TRK76HszS1FrgqESINbGVzIGZyaW5nYWxlcygE&amp;amp;phdesc=T7NFWvuH8XI&amp;amp;ved=2ahUKEwj1jYTYxdn8AhX2jYkEHXAoD9IQvS56BAgNEAE&amp;amp;sa=X&amp;amp;rlst=f#rlfi=hd:;si:4391824261453218602,l,ChNsZXMgZnJpbmdhbGVzIGxhdmFsSPL_oc6yuICACFojEAAQARgAGAEYAiITbGVzIGZyaW5nYWxlcyBsYXZhbDICZnKSARRicmVha2Zhc3RfcmVzdGF1cmFudKoBNRABGh4QASIasU6ni1Oc0k-e-ecmICVLJ4TRK76HszS1FrgqESINbGVzIGZyaW5nYWxlcygE,y,T7NFWvuH8XI;mv:[[45.620182199999995,-73.65968649999999],[45.530364299999995,-73.8163678]];tbs:lrf:!1m4!1u3!2m2!3m1!1e1!1m4!1u2!2m2!2m1!1e1!1m4!1u1!2m2!1m1!1e1!1m4!1u1!2m2!1m1!1e2!2m1!1e2!2m1!1e1!2m1!1e3!3sIAE,lf:1,lf_ui:9"]}]}},"_links":{"self":[{"href":"https:\/\/lesfringales.com\/fr\/wp-json\/wp\/v2\/pages\/765","targetHints":{"allow":["GET"]}}],"collection":[{"href":"https:\/\/lesfringales.com\/fr\/wp-json\/wp\/v2\/pages"}],"about":[{"href":"https:\/\/lesfringales.com\/fr\/wp-json\/wp\/v2\/types\/page"}],"author":[{"embeddable":true,"href":"https:\/\/lesfringales.com\/fr\/wp-json\/wp\/v2\/users\/2"}],"replies":[{"embeddable":true,"href":"https:\/\/lesfringales.com\/fr\/wp-json\/wp\/v2\/comments?post=765"}],"version-history":[{"count":6,"href":"https:\/\/lesfringales.com\/fr\/wp-json\/wp\/v2\/pages\/765\/revisions"}],"predecessor-version":[{"id":930,"href":"https:\/\/lesfringales.com\/fr\/wp-json\/wp\/v2\/pages\/765\/revisions\/930"}],"wp:attachment":[{"href":"https:\/\/lesfringales.com\/fr\/wp-json\/wp\/v2\/media?parent=765"}],"curies":[{"name":"wp","href":"https:\/\/api.w.org\/{rel}","templated":true}]}}