{"id":806,"date":"2022-12-12T13:34:14","date_gmt":"2022-12-12T18:34:14","guid":{"rendered":"https:\/\/lesfringales.com\/conditions-of-sale\/"},"modified":"2023-01-06T17:41:57","modified_gmt":"2023-01-06T22:41:57","slug":"conditions-de-vente","status":"publish","type":"page","link":"https:\/\/lesfringales.com\/fr\/conditions-de-vente\/","title":{"rendered":"Conditions de Vente"},"content":{"rendered":"\t<section class=\"section\" id=\"section_331682629\">\n\t\t<div class=\"bg section-bg fill bg-fill  bg-loaded\" >\n\n\t\t\t\n\t\t\t\n\t\t\t\n\n\t\t<\/div>\n\n\t\t\n\n\t\t<div class=\"section-content relative\">\n\t\t\t\n<div class=\"row\"  id=\"row-1183686608\">\n\n\t<div id=\"col-1763330512\" class=\"col small-12 large-12\"  >\n\t\t\t\t<div class=\"col-inner text-center\"  >\n\t\t\t\n\t\t\t\n<h6>Veuillez lire attentivement<\/h6>\n\t<div id=\"text-1207656256\" class=\"text\">\n\t\t\n<h2>Conditions de Vente<\/h2>\n\t\t\n<style>\n#text-1207656256 {\n  font-size: 1.75rem;\n}\n<\/style>\n\t<\/div>\n\t\n\t\t<\/div>\n\t\t\t\t\t<\/div>\n\n\t\n<\/div>\n<h2>Produits, Prix et Taxes<\/h2>\n<h3>S\u00e9curit\u00e9<\/h3>\n<p>Les Fringales s\u00e9curise votre paiement avec le protocole SSL. Cela garantira que toutes les donn\u00e9es transmises entre le serveur web et les navigateurs resteront priv\u00e9es et int\u00e9grales. Etant donn\u00e9 le d\u00e9veloppement des nouveaux outils de communication, il est n\u00e9cessaire d\u2019\u00eatre tr\u00e8s attentif lorsqu\u2019il s\u2019agit d\u2019informations personnelles. C\u2019est pourquoi nous nous engageons \u00e0 respecter la confidentialit\u00e9 des renseignements personnels que nous collectons.<\/p>\n<h3>Prix<\/h3>\n<p>Tous les prix sont sujets \u00e0 changement, sans pr\u00e9avis et \u00e0 tout moment. Dans l\u2019\u00e9ventualit\u00e9 o\u00f9 le prix d\u2019un produit est incorrect, \u00e0 cause d\u2019erreur(s) typographique(s) ou d\u2019erreur(s) concernant le prix, Les Fringales se r\u00e9serve le droit de refuser ou d\u2019annuler toute commande, m\u00eame si celle-ci a \u00e9t\u00e9 confirm\u00e9e et que votre carte de cr\u00e9dit charg\u00e9e. Si votre compte a d\u00e9j\u00e0 \u00e9t\u00e9 d\u00e9bit\u00e9 au montant de l\u2019achat et que votre commande est annul\u00e9e, Les Fringales cr\u00e9ditera votre compte du montant correspondant au prix incorrect.<\/p>\n<h3>Taxes<\/h3>\n<p>Tous les prix affich\u00e9s sur ce site n\u2019incluent pas les taxes. Les Fringales applique les taxes associ\u00e9es \u00e0 votre achat, en fonction des lois de la juridiction dans laquelle le(s) produit(s) doivent \u00eatre livr\u00e9s. Le total des taxes est calcul\u00e9 en fonction de votre adresse de livraison. Toutes les taxes figureront sur votre commande\/facture ; Toutes les taxes sont \u00e0 votre charge. Veuillez noter que les taxes de vente sont sujettes \u00e0 changement.<\/p>\n<h3>Coupons et Codes Promotionnels<\/h3>\n<p>Si Les Fringales estime que les coupons et codes promotionnels ne sont pas applicables \u00e0 votre achat, ils ne sont donc pas transf\u00e9rables, ne peuvent \u00eatre utilis\u00e9s qu\u2019une seule fois et ne peuvent pas \u00eatre \u00e9chang\u00e9s contre de l\u2019argent ou un cr\u00e9dit. Chaque coupon est identifiable par un code Coupon et correspond \u00e0 diff\u00e9rentes exigences et avantages. Veuillez v\u00e9rifier votre coupon \u2013 Toutes les exigences mentionn\u00e9es sur votre coupon doivent \u00eatre remplies, pour pouvoir b\u00e9n\u00e9ficier du rabais. La valeur du coupon est sp\u00e9cifi\u00e9e sur le coupon. Les coupons ne peuvent \u00eatre utilis\u00e9s qu\u2019une seule fois. Certains codes et coupons ne peuvent \u00eatre jumel\u00e9s avec des promotions en cours. Les coupons sont valables uniquement pour acheter un\/des produit(s) sp\u00e9cifique(s)sur ce site web. Si vous avez des questions concernant un coupon ou un code promotionnel, veuillez contacter notre service \u00e0 la client\u00e8le. Les Fringales se r\u00e9serve le droit d\u2019interrompre ou de modifier les programmes de coupons\/codes promotionnels en tout temps.<\/p>\n<h3>Accord de Paiement<\/h3>\n<p>Les produits restent la propri\u00e9t\u00e9 de Les Fringales jusqu\u2019\u00e0 r\u00e9ception du paiement complet. En achetant un produit de Les Fringales, vous consentez \u00e0 payer tous les frais associ\u00e9s. D\u00e8s que vous \u00eates en possession du\/des produit(s) command\u00e9(s), vous \u00eates responsable du risque de perte ou de dommage du\/des produit(s).<\/p>\n<h2>Commandes et Acceptation<\/h2>\n<p>Toutes les commandes plac\u00e9es par vous, ne peuvent \u00eatre annul\u00e9es et sont sous r\u00e9serve d\u2019acception par Les Fringales. Les Fringales se r\u00e9serve le droit de refuser toute commande plac\u00e9e par vous et\/ou de limiter les quantit\u00e9s de toute commande. Nonobstant toute confirmation de commande ou autre(s) communication(s) envoy\u00e9e(s) par Les Fringales, votre commande sera r\u00e9put\u00e9e accept\u00e9e, jusqu\u2019\u00e0 l\u2019exp\u00e9dition de(s) produit(s) que vous avez command\u00e9(s). Nos produits sont disponibles pour l\u2019achat, en autant qu\u2019ils figurent sur notre site et que les quantit\u00e9s sont disponibles. Dans l\u2019\u00e9ventualit\u00e9 o\u00f9 un produit n\u2019est pas disponible apr\u00e8s que votre commande ait \u00e9t\u00e9 plac\u00e9e, nous vous le ferons savoir imm\u00e9diatement par courriel. Si nous sommes dans l\u2019incapacit\u00e9 de compl\u00e9ter votre commande, nous l\u2019annulerons automatiquement et aucun frais ne vous sera factur\u00e9. LA SOUMISSION DE VOTRE COMMANDE CONSTITUE VOTRE PLEINE ET ENTIERE ACCEPTION DE CES TERMES ET CONDITIONS DE VENTE.<\/p>\n<h2 id=\"ShippingHandling\">Exp\u00e9dition et Manutention<\/h2>\n<h3>Limites<\/h3>\n<p>Les produits Les Fringales sont disponibles \u00e0 l\u2019achat sur ce site Web pour le Canada.<\/p>\n<h3>Livraison<\/h3>\n<p>Les produits sont livr\u00e9s \u00e0 l\u2019adresse de livraison indiqu\u00e9e sur le bon de commande. Les dates de livraison peuvent \u00eatre r\u00e9vis\u00e9es \u00e0 tout moment, pour des raisons ind\u00e9pendantes de notre volont\u00e9. Les Fringales n\u2019est pas responsable de tout retard ou d\u00e9faut de livraison imput\u00e9 \u00e0 ce qui pr\u00e9c\u00e8de. Dans l\u2019\u00e9ventualit\u00e9 o\u00f9 la livraison est retard\u00e9e, un courriel vous sera envoy\u00e9 contenant toutes les informations. Aucune r\u00e9clamation concernant la quantit\u00e9, les conditions, les pertes ou dommages aux produits, ne seront accept\u00e9es au-del\u00e0 de trente (30) jours, apr\u00e8s la date d\u2019exp\u00e9dition. Votre commande peut \u00eatre exp\u00e9di\u00e9e en plusieurs envois.<\/p>\n<h3>Frais<\/h3>\n<p>Les prix des produits n\u2019incluent ni l\u2019exp\u00e9dition, ni la manutention. Le choix d\u2019un transporteur fiable et de moyens de transport appropri\u00e9s sont \u00e0 la discr\u00e9tion de Les Fringales. Les tarifs d\u2019exp\u00e9dition sont fixes; Ils incluent l\u2019emballage, l\u2019affranchissement et la manutention. Vous \u00eates responsables des risques de perte ou de dommages du\/des produit(s) en transit. Dans l\u2019\u00e9ventualit\u00e9 o\u00f9 un produit est endommag\u00e9 ou perdu pendant le transit, il est de votre responsabilit\u00e9 de faire une r\u00e9clamation aupr\u00e8s du transporteur. Une attention sp\u00e9ciale est apport\u00e9e \u00e0 chaque colis, afin de vous satisfaire.<\/p>\n<h2 id=\"ReturnsExchanges\">Annulation<\/h2>\n<p>Une fois la commande pass\u00e9e, aucune annulation ne sera possible.<\/p>\n<h2>Pr\u00e9paration des plats<\/h2>\n<p>Pr\u00e9sentation sugg\u00e9r\u00e9e. Malgr\u00e9 toutes les pr\u00e9cautions que notre personnel applique \u00e0 la pr\u00e9paration des plats sans allerg\u00e8ne, une contamination crois\u00e9e est toujours possible, m\u00eame dans le cas de notre pain sans gluten. Nous ne pouvons donc en aucun cas garantir l\u2019absence totale des allerg\u00e8nes reconnus lors de la pr\u00e9paration des plats..<\/p>\n<p>Si vous avez des questions au sujet de nos termes, veuillez les adresser:<\/p>\n<div class=\"row row-small\"  id=\"row-1661195152\">\n\n\t<div id=\"col-233010062\" class=\"col small-12 large-12\"  >\n\t\t\t\t<div class=\"col-inner\"  >\n\t\t\t\n\t\t\t\n<p class=\"lead\">Les Fringales<\/p>\r\n<p>1625-A Blvd. Daniel-Johnson <br \/> Laval (QC) Canada <br \/>\r\nH7V 4C2<\/p>\r\n<div class=\"social-icons follow-icons\" ><a href=\"https:\/\/www.facebook.com\/#\" target=\"_blank\" rel=\"noopener noreferrer nofollow\" data-label=\"Facebook\" class=\"icon button circle is-outline facebook tooltip\" title=\"Follow on Facebook\" aria-label=\"Follow on Facebook\" ><i class=\"icon-facebook\" ><\/i><\/a><a href=\"https:\/\/www.instagram.com\/#\" target=\"_blank\" rel=\"noopener noreferrer nofollow\" data-label=\"Instagram\" class=\"icon button circle is-outline instagram tooltip\" title=\"Follow on Instagram\" aria-label=\"Follow on Instagram\" ><i class=\"icon-instagram\" ><\/i><\/a><a href=\"mailto:info@lesfringales.com\" data-label=\"E-mail\" target=\"_blank\" rel=\"nofollow\" class=\"icon button circle is-outline email tooltip\" title=\"Send us an email\" aria-label=\"Send us an email\" ><i class=\"icon-envelop\" ><\/i><\/a><a href=\"tel:+1 (450)-973-9997\" data-label=\"Phone\" target=\"_blank\" rel=\"nofollow\" class=\"icon button circle is-outline phone tooltip\" title=\"Appelez-nous\" aria-label=\"Appelez-nous\" ><i class=\"icon-phone\" ><\/i><\/a><\/div>\n\t\t<\/div>\n\t\t\t\t\t<\/div>\n\n\t\n\n<style>\n#row-1661195152 > .col > .col-inner {\n  padding: 30px 0px 0px 0px;\n}\n<\/style>\n<\/div>\n\t\t<\/div>\n\n\t\t\n<style>\n#section_331682629 {\n  padding-top: 45px;\n  padding-bottom: 45px;\n}\n@media (min-width:550px) {\n  #section_331682629 {\n    padding-top: 65px;\n    padding-bottom: 65px;\n  }\n}\n@media (min-width:850px) {\n  #section_331682629 {\n    padding-top: 50px;\n    padding-bottom: 50px;\n  }\n}\n<\/style>\n\t<\/section>\n\t\n","protected":false},"excerpt":{"rendered":"","protected":false},"author":2,"featured_media":0,"parent":0,"menu_order":0,"comment_status":"closed","ping_status":"closed","template":"","meta":{"nf_dc_page":"","footnotes":""},"class_list":["post-806","page","type-page","status-publish","hentry"],"yoast_head":"<!-- This site is optimized with the Yoast SEO plugin v27.4 - https:\/\/yoast.com\/product\/yoast-seo-wordpress\/ -->\n<title>Conditions de Vente | Les Fringales - D\u00e9jeuner.D\u00eener<\/title>\n<meta name=\"robots\" content=\"index, follow, max-snippet:-1, max-image-preview:large, max-video-preview:-1\" \/>\n<link rel=\"canonical\" href=\"https:\/\/lesfringales.com\/fr\/conditions-de-vente\/\" \/>\n<meta property=\"og:locale\" content=\"fr_FR\" \/>\n<meta property=\"og:type\" content=\"article\" \/>\n<meta property=\"og:title\" content=\"Conditions de Vente | Les Fringales - D\u00e9jeuner.D\u00eener\" \/>\n<meta property=\"og:url\" content=\"https:\/\/lesfringales.com\/fr\/conditions-de-vente\/\" \/>\n<meta property=\"og:site_name\" content=\"Les Fringales - D\u00e9jeuner.D\u00eener\" \/>\n<meta property=\"article:publisher\" content=\"https:\/\/www.facebook.com\/restolesfringales\" \/>\n<meta property=\"article:modified_time\" content=\"2023-01-06T22:41:57+00:00\" \/>\n<meta property=\"og:image\" content=\"https:\/\/lesfringales.com\/wp-content\/uploads\/2022\/12\/logo.png\" \/>\n\t<meta property=\"og:image:width\" content=\"316\" \/>\n\t<meta property=\"og:image:height\" content=\"152\" \/>\n\t<meta property=\"og:image:type\" content=\"image\/png\" \/>\n<meta name=\"twitter:label1\" content=\"Dur\u00e9e de lecture estim\u00e9e\" \/>\n\t<meta name=\"twitter:data1\" content=\"4 minutes\" \/>\n<script type=\"application\/ld+json\" class=\"yoast-schema-graph\">{\"@context\":\"https:\\\/\\\/schema.org\",\"@graph\":[{\"@type\":\"WebPage\",\"@id\":\"https:\\\/\\\/lesfringales.com\\\/fr\\\/conditions-de-vente\\\/\",\"url\":\"https:\\\/\\\/lesfringales.com\\\/fr\\\/conditions-de-vente\\\/\",\"name\":\"Conditions de Vente | Les Fringales - D\u00e9jeuner.D\u00eener\",\"isPartOf\":{\"@id\":\"https:\\\/\\\/lesfringales.com\\\/fr\\\/#website\"},\"datePublished\":\"2022-12-12T18:34:14+00:00\",\"dateModified\":\"2023-01-06T22:41:57+00:00\",\"breadcrumb\":{\"@id\":\"https:\\\/\\\/lesfringales.com\\\/fr\\\/conditions-de-vente\\\/#breadcrumb\"},\"inLanguage\":\"fr-FR\",\"potentialAction\":[{\"@type\":\"ReadAction\",\"target\":[\"https:\\\/\\\/lesfringales.com\\\/fr\\\/conditions-de-vente\\\/\"]}]},{\"@type\":\"BreadcrumbList\",\"@id\":\"https:\\\/\\\/lesfringales.com\\\/fr\\\/conditions-de-vente\\\/#breadcrumb\",\"itemListElement\":[{\"@type\":\"ListItem\",\"position\":1,\"name\":\"Home\",\"item\":\"https:\\\/\\\/lesfringales.com\\\/fr\\\/\"},{\"@type\":\"ListItem\",\"position\":2,\"name\":\"Conditions de Vente\"}]},{\"@type\":\"WebSite\",\"@id\":\"https:\\\/\\\/lesfringales.com\\\/fr\\\/#website\",\"url\":\"https:\\\/\\\/lesfringales.com\\\/fr\\\/\",\"name\":\"Les Fringales - D\u00e9jeuner.D\u00eener\",\"description\":\"I\u2019ll Take A Coffee With My Sunshine....\",\"publisher\":{\"@id\":\"https:\\\/\\\/lesfringales.com\\\/fr\\\/#organization\"},\"alternateName\":\"Les Fringals\",\"potentialAction\":[{\"@type\":\"SearchAction\",\"target\":{\"@type\":\"EntryPoint\",\"urlTemplate\":\"https:\\\/\\\/lesfringales.com\\\/fr\\\/?s={search_term_string}\"},\"query-input\":{\"@type\":\"PropertyValueSpecification\",\"valueRequired\":true,\"valueName\":\"search_term_string\"}}],\"inLanguage\":\"fr-FR\"},{\"@type\":\"Organization\",\"@id\":\"https:\\\/\\\/lesfringales.com\\\/fr\\\/#organization\",\"name\":\"Les Fringales - D\u00e9jeuner.D\u00eener\",\"alternateName\":\"Les Fringals\",\"url\":\"https:\\\/\\\/lesfringales.com\\\/fr\\\/\",\"logo\":{\"@type\":\"ImageObject\",\"inLanguage\":\"fr-FR\",\"@id\":\"https:\\\/\\\/lesfringales.com\\\/fr\\\/#\\\/schema\\\/logo\\\/image\\\/\",\"url\":\"https:\\\/\\\/lesfringales.com\\\/wp-content\\\/uploads\\\/2022\\\/12\\\/logo.png\",\"contentUrl\":\"https:\\\/\\\/lesfringales.com\\\/wp-content\\\/uploads\\\/2022\\\/12\\\/logo.png\",\"width\":316,\"height\":152,\"caption\":\"Les Fringales - D\u00e9jeuner.D\u00eener\"},\"image\":{\"@id\":\"https:\\\/\\\/lesfringales.com\\\/fr\\\/#\\\/schema\\\/logo\\\/image\\\/\"},\"sameAs\":[\"https:\\\/\\\/www.facebook.com\\\/restolesfringales\",\"https:\\\/\\\/www.instagram.com\\\/lesfringales_dejeuner.diner\\\/\",\"https:\\\/\\\/www.google.com\\\/search?q=lesfringaleslaval&amp;amp;client=firefox-b-d&amp;amp;ei=mVDMY7mgA7quptQPh9eVuA0&amp;amp;oq=les fringales&amp;amp;gs_lcp=Cgxnd3Mtd2l6LXNlcnAQARgAMgUIABCABDIGCAAQFhAeMgYIABAWEB4yBggAEBYQHjIGCAAQFhAeMgYIABAWEB4yCAgAEBYQHhAPMggIABAWEB4QDzIGCAAQFhAeMgYIABAWEB46CggAEEcQ1gQQsANKBAhBGABKBAhGGABQhQFYhQFg4gpoAXABeACAAU-IAU-SAQExmAEAoAEByAEIwAEB&amp;amp;sclient=gws-wiz-serp&amp;amp;tbs=lf:1,lf_ui:9&amp;amp;tbm=lcl&amp;amp;rflfq=1&amp;amp;num=10&amp;amp;rldimm=4391824261453218602&amp;amp;lqi=ChNsZXMgZnJpbmdhbGVzIGxhdmFsSPL_oc6yuICACFojEAAQARgAGAEYAiITbGVzIGZyaW5nYWxlcyBsYXZhbDICZnKSARRicmVha2Zhc3RfcmVzdGF1cmFudKoBNRABGh4QASIasU6ni1Oc0k-e-ecmICVLJ4TRK76HszS1FrgqESINbGVzIGZyaW5nYWxlcygE&amp;amp;phdesc=T7NFWvuH8XI&amp;amp;ved=2ahUKEwj1jYTYxdn8AhX2jYkEHXAoD9IQvS56BAgNEAE&amp;amp;sa=X&amp;amp;rlst=f#rlfi=hd:;si:4391824261453218602,l,ChNsZXMgZnJpbmdhbGVzIGxhdmFsSPL_oc6yuICACFojEAAQARgAGAEYAiITbGVzIGZyaW5nYWxlcyBsYXZhbDICZnKSARRicmVha2Zhc3RfcmVzdGF1cmFudKoBNRABGh4QASIasU6ni1Oc0k-e-ecmICVLJ4TRK76HszS1FrgqESINbGVzIGZyaW5nYWxlcygE,y,T7NFWvuH8XI;mv:[[45.620182199999995,-73.65968649999999],[45.530364299999995,-73.8163678]];tbs:lrf:!1m4!1u3!2m2!3m1!1e1!1m4!1u2!2m2!2m1!1e1!1m4!1u1!2m2!1m1!1e1!1m4!1u1!2m2!1m1!1e2!2m1!1e2!2m1!1e1!2m1!1e3!3sIAE,lf:1,lf_ui:9\"]}]}<\/script>\n<!-- \/ Yoast SEO plugin. -->","yoast_head_json":{"title":"Conditions de Vente | Les Fringales - D\u00e9jeuner.D\u00eener","robots":{"index":"index","follow":"follow","max-snippet":"max-snippet:-1","max-image-preview":"max-image-preview:large","max-video-preview":"max-video-preview:-1"},"canonical":"https:\/\/lesfringales.com\/fr\/conditions-de-vente\/","og_locale":"fr_FR","og_type":"article","og_title":"Conditions de Vente | Les Fringales - D\u00e9jeuner.D\u00eener","og_url":"https:\/\/lesfringales.com\/fr\/conditions-de-vente\/","og_site_name":"Les Fringales - D\u00e9jeuner.D\u00eener","article_publisher":"https:\/\/www.facebook.com\/restolesfringales","article_modified_time":"2023-01-06T22:41:57+00:00","og_image":[{"width":316,"height":152,"url":"https:\/\/lesfringales.com\/wp-content\/uploads\/2022\/12\/logo.png","type":"image\/png"}],"twitter_misc":{"Dur\u00e9e de lecture estim\u00e9e":"4 minutes"},"schema":{"@context":"https:\/\/schema.org","@graph":[{"@type":"WebPage","@id":"https:\/\/lesfringales.com\/fr\/conditions-de-vente\/","url":"https:\/\/lesfringales.com\/fr\/conditions-de-vente\/","name":"Conditions de Vente | Les Fringales - D\u00e9jeuner.D\u00eener","isPartOf":{"@id":"https:\/\/lesfringales.com\/fr\/#website"},"datePublished":"2022-12-12T18:34:14+00:00","dateModified":"2023-01-06T22:41:57+00:00","breadcrumb":{"@id":"https:\/\/lesfringales.com\/fr\/conditions-de-vente\/#breadcrumb"},"inLanguage":"fr-FR","potentialAction":[{"@type":"ReadAction","target":["https:\/\/lesfringales.com\/fr\/conditions-de-vente\/"]}]},{"@type":"BreadcrumbList","@id":"https:\/\/lesfringales.com\/fr\/conditions-de-vente\/#breadcrumb","itemListElement":[{"@type":"ListItem","position":1,"name":"Home","item":"https:\/\/lesfringales.com\/fr\/"},{"@type":"ListItem","position":2,"name":"Conditions de Vente"}]},{"@type":"WebSite","@id":"https:\/\/lesfringales.com\/fr\/#website","url":"https:\/\/lesfringales.com\/fr\/","name":"Les Fringales - D\u00e9jeuner.D\u00eener","description":"I\u2019ll Take A Coffee With My Sunshine....","publisher":{"@id":"https:\/\/lesfringales.com\/fr\/#organization"},"alternateName":"Les Fringals","potentialAction":[{"@type":"SearchAction","target":{"@type":"EntryPoint","urlTemplate":"https:\/\/lesfringales.com\/fr\/?s={search_term_string}"},"query-input":{"@type":"PropertyValueSpecification","valueRequired":true,"valueName":"search_term_string"}}],"inLanguage":"fr-FR"},{"@type":"Organization","@id":"https:\/\/lesfringales.com\/fr\/#organization","name":"Les Fringales - D\u00e9jeuner.D\u00eener","alternateName":"Les Fringals","url":"https:\/\/lesfringales.com\/fr\/","logo":{"@type":"ImageObject","inLanguage":"fr-FR","@id":"https:\/\/lesfringales.com\/fr\/#\/schema\/logo\/image\/","url":"https:\/\/lesfringales.com\/wp-content\/uploads\/2022\/12\/logo.png","contentUrl":"https:\/\/lesfringales.com\/wp-content\/uploads\/2022\/12\/logo.png","width":316,"height":152,"caption":"Les Fringales - D\u00e9jeuner.D\u00eener"},"image":{"@id":"https:\/\/lesfringales.com\/fr\/#\/schema\/logo\/image\/"},"sameAs":["https:\/\/www.facebook.com\/restolesfringales","https:\/\/www.instagram.com\/lesfringales_dejeuner.diner\/","https:\/\/www.google.com\/search?q=lesfringaleslaval&amp;amp;client=firefox-b-d&amp;amp;ei=mVDMY7mgA7quptQPh9eVuA0&amp;amp;oq=les fringales&amp;amp;gs_lcp=Cgxnd3Mtd2l6LXNlcnAQARgAMgUIABCABDIGCAAQFhAeMgYIABAWEB4yBggAEBYQHjIGCAAQFhAeMgYIABAWEB4yCAgAEBYQHhAPMggIABAWEB4QDzIGCAAQFhAeMgYIABAWEB46CggAEEcQ1gQQsANKBAhBGABKBAhGGABQhQFYhQFg4gpoAXABeACAAU-IAU-SAQExmAEAoAEByAEIwAEB&amp;amp;sclient=gws-wiz-serp&amp;amp;tbs=lf:1,lf_ui:9&amp;amp;tbm=lcl&amp;amp;rflfq=1&amp;amp;num=10&amp;amp;rldimm=4391824261453218602&amp;amp;lqi=ChNsZXMgZnJpbmdhbGVzIGxhdmFsSPL_oc6yuICACFojEAAQARgAGAEYAiITbGVzIGZyaW5nYWxlcyBsYXZhbDICZnKSARRicmVha2Zhc3RfcmVzdGF1cmFudKoBNRABGh4QASIasU6ni1Oc0k-e-ecmICVLJ4TRK76HszS1FrgqESINbGVzIGZyaW5nYWxlcygE&amp;amp;phdesc=T7NFWvuH8XI&amp;amp;ved=2ahUKEwj1jYTYxdn8AhX2jYkEHXAoD9IQvS56BAgNEAE&amp;amp;sa=X&amp;amp;rlst=f#rlfi=hd:;si:4391824261453218602,l,ChNsZXMgZnJpbmdhbGVzIGxhdmFsSPL_oc6yuICACFojEAAQARgAGAEYAiITbGVzIGZyaW5nYWxlcyBsYXZhbDICZnKSARRicmVha2Zhc3RfcmVzdGF1cmFudKoBNRABGh4QASIasU6ni1Oc0k-e-ecmICVLJ4TRK76HszS1FrgqESINbGVzIGZyaW5nYWxlcygE,y,T7NFWvuH8XI;mv:[[45.620182199999995,-73.65968649999999],[45.530364299999995,-73.8163678]];tbs:lrf:!1m4!1u3!2m2!3m1!1e1!1m4!1u2!2m2!2m1!1e1!1m4!1u1!2m2!1m1!1e1!1m4!1u1!2m2!1m1!1e2!2m1!1e2!2m1!1e1!2m1!1e3!3sIAE,lf:1,lf_ui:9"]}]}},"_links":{"self":[{"href":"https:\/\/lesfringales.com\/fr\/wp-json\/wp\/v2\/pages\/806","targetHints":{"allow":["GET"]}}],"collection":[{"href":"https:\/\/lesfringales.com\/fr\/wp-json\/wp\/v2\/pages"}],"about":[{"href":"https:\/\/lesfringales.com\/fr\/wp-json\/wp\/v2\/types\/page"}],"author":[{"embeddable":true,"href":"https:\/\/lesfringales.com\/fr\/wp-json\/wp\/v2\/users\/2"}],"replies":[{"embeddable":true,"href":"https:\/\/lesfringales.com\/fr\/wp-json\/wp\/v2\/comments?post=806"}],"version-history":[{"count":7,"href":"https:\/\/lesfringales.com\/fr\/wp-json\/wp\/v2\/pages\/806\/revisions"}],"predecessor-version":[{"id":814,"href":"https:\/\/lesfringales.com\/fr\/wp-json\/wp\/v2\/pages\/806\/revisions\/814"}],"wp:attachment":[{"href":"https:\/\/lesfringales.com\/fr\/wp-json\/wp\/v2\/media?parent=806"}],"curies":[{"name":"wp","href":"https:\/\/api.w.org\/{rel}","templated":true}]}}